{"id":133217,"date":"2024-01-04T13:43:32","date_gmt":"2024-01-04T12:43:32","guid":{"rendered":"https:\/\/genxsdigital.com\/cookies\/"},"modified":"2024-05-28T21:49:15","modified_gmt":"2024-05-28T19:49:15","slug":"cookies","status":"publish","type":"page","link":"https:\/\/genxsdigital.com\/de\/cookies\/","title":{"rendered":"Cookies"},"content":{"rendered":"<div class=\"wpb-content-wrapper\"><p>[vc_row row_height_percent=&#8220;0&#8243; back_color=&#8220;color-wvjs&#8220; overlay_alpha=&#8220;50&#8243; gutter_size=&#8220;3&#8243; column_width_percent=&#8220;100&#8243; shift_y=&#8220;0&#8243; z_index=&#8220;0&#8243; medium_visibility=&#8220;yes&#8220; mobile_visibility=&#8220;yes&#8220; uncode_shortcode_id=&#8220;181264&#8243; back_color_type=&#8220;uncode-palette&#8220;][vc_column column_width_percent=&#8220;100&#8243; position_horizontal=&#8220;left&#8220; gutter_size=&#8220;3&#8243; overlay_alpha=&#8220;50&#8243; shift_x=&#8220;0&#8243; shift_y=&#8220;0&#8243; shift_y_down=&#8220;0&#8243; z_index=&#8220;0&#8243; medium_width=&#8220;0&#8243; mobile_width=&#8220;0&#8243; width=&#8220;1\/1&#8243; uncode_shortcode_id=&#8220;103393&#8243; css=&#8220;.vc_custom_1705442054773{padding-right: 100px !important;padding-left: 100px !important;}&#8220;][vc_empty_space empty_h=&#8220;3&#8243;][vc_column_text uncode_shortcode_id=&#8220;148338&#8243;]<strong><span style=\"color: #000000;\">COOKIES<\/span><\/strong><\/p>\n<p><span style=\"color: #000000;\">Diese Website verwendet, wie die meisten Websites im Internet, Cookies, um die Benutzerfreundlichkeit zu verbessern und zu optimieren. Nachstehend finden Sie ausf\u00fchrliche Informationen dar\u00fcber, was &#8222;Cookies&#8220; sind, welche Art von Cookies diese Website verwendet, wie Sie sie in Ihrem Browser deaktivieren k\u00f6nnen und wie Sie die Installation von Cookies von Dritten gezielt blockieren k\u00f6nnen.<\/span><\/p>\n<p><span style=\"color: #000000;\">Die Verwendung von Cookies erm\u00f6glicht es, Ihr Surferlebnis zu optimieren, indem die angebotenen Informationen und Dienste an Ihre Interessen angepasst werden.<\/span><\/p>\n<p><span style=\"color: #000000;\">Cookies werden nur mit einem anonymen Benutzer und seinem Computer in Verbindung gebracht und liefern keine Hinweise, die auf pers\u00f6nliche Daten schlie\u00dfen lassen. Sie k\u00f6nnen jederzeit auf die Konfiguration Ihres Browsers zugreifen, um die Installation der von dieser Website gesendeten Cookies zu \u00e4ndern und\/oder zu blockieren, ohne dass dies den Zugriff auf die Inhalte verhindert. Allerdings kann die Qualit\u00e4t der Leistung beeintr\u00e4chtigt werden.<\/span><\/p>\n<p><span style=\"color: #000000;\">Benutzer, die den Registrierungsprozess abschlie\u00dfen oder sich mit ihren Zugangsdaten angemeldet haben, k\u00f6nnen auf personalisierte Dienste zugreifen, die an ihre Pr\u00e4ferenzen angepasst sind, und zwar entsprechend den pers\u00f6nlichen Daten, die sie bei der Registrierung angegeben haben und die im Cookie ihres Browsers gespeichert sind.<\/span><\/p>\n<p><span style=\"color: #000000;\">Geben Sie an, welche zus\u00e4tzlichen technischen Mittel verwendet werden, zum Beispiel:<\/span><br \/>\n<span style=\"color: #000000;\">Diese Website verwendet permanente Cookies, die ablaufen, wenn der Zweck, f\u00fcr den sie verwendet werden, erf\u00fcllt ist oder wenn sie manuell gel\u00f6scht werden. Sie haben ein L\u00f6schdatum und werden normalerweise beim Online-Kauf, bei der Personalisierung oder bei der Registrierung verwendet, damit Sie nicht st\u00e4ndig Ihr Passwort eingeben m\u00fcssen.<\/span><\/p>\n<p><span style=\"color: #000000;\">Andererseits kann je nach der Einrichtung, die das Ger\u00e4t oder die Dom\u00e4ne verwaltet, von der die Cookies gesendet werden, und die die erhaltenen Daten verarbeitet, zwischen Erstanbieter- und Drittanbieter-Cookies unterschieden werden.<\/span><\/p>\n<p><span style=\"color: #000000;\">Eigene Cookies sind die Cookies, die an Ihren Computer gesendet und ausschlie\u00dflich von dieser Website verwaltet werden, um das Funktionieren der Website zu verbessern. Die von uns gesammelten Informationen werden verwendet, um die Qualit\u00e4t unseres Service und Ihre Benutzererfahrung zu verbessern.<\/span><\/p>\n<p>[\/vc_column_text][vc_empty_space empty_h=&#8220;3&#8243;][\/vc_column][\/vc_row][vc_row unlock_row_content=&#8220;yes&#8220; row_height_percent=&#8220;0&#8243; override_padding=&#8220;yes&#8220; h_padding=&#8220;2&#8243; top_padding=&#8220;0&#8243; bottom_padding=&#8220;0&#8243; back_color=&#8220;color-wvjs&#8220; overlay_alpha=&#8220;50&#8243; gutter_size=&#8220;3&#8243; column_width_percent=&#8220;100&#8243; shift_y=&#8220;0&#8243; z_index=&#8220;0&#8243; desktop_visibility=&#8220;yes&#8220; uncode_shortcode_id=&#8220;519540&#8243; back_color_type=&#8220;uncode-palette&#8220;][vc_column column_width_percent=&#8220;100&#8243; position_horizontal=&#8220;left&#8220; gutter_size=&#8220;3&#8243; override_padding=&#8220;yes&#8220; column_padding=&#8220;0&#8243; overlay_alpha=&#8220;50&#8243; shift_x=&#8220;0&#8243; shift_y=&#8220;0&#8243; shift_y_down=&#8220;0&#8243; z_index=&#8220;0&#8243; medium_width=&#8220;0&#8243; mobile_width=&#8220;0&#8243; width=&#8220;1\/1&#8243; uncode_shortcode_id=&#8220;637550&#8243;][vc_empty_space empty_h=&#8220;0&#8243;][vc_column_text uncode_shortcode_id=&#8220;190332&#8243; css=&#8220;.vc_custom_1706117088769{padding-right: 3px !important;padding-left: 3px !important;}&#8220;]<strong><span style=\"color: #000000;\">COOKIES<\/span><\/strong><\/p>\n<p><span style=\"color: #000000;\">Diese Website verwendet, wie die meisten Websites im Internet, Cookies, um die Benutzerfreundlichkeit zu verbessern und zu optimieren. Nachstehend finden Sie ausf\u00fchrliche Informationen dar\u00fcber, was &#8222;Cookies&#8220; sind, welche Art von Cookies diese Website verwendet, wie Sie sie in Ihrem Browser deaktivieren k\u00f6nnen und wie Sie die Installation von Cookies von Dritten gezielt blockieren k\u00f6nnen.<\/span><\/p>\n<p><span style=\"color: #000000;\">Die Verwendung von Cookies erm\u00f6glicht es, Ihr Surferlebnis zu optimieren, indem die angebotenen Informationen und Dienste an Ihre Interessen angepasst werden.<\/span><\/p>\n<p><span style=\"color: #000000;\">Cookies werden nur mit einem anonymen Benutzer und seinem Computer in Verbindung gebracht und liefern keine Hinweise, die auf pers\u00f6nliche Daten schlie\u00dfen lassen. Sie k\u00f6nnen jederzeit auf die Konfiguration Ihres Browsers zugreifen, um die Installation der von dieser Website gesendeten Cookies zu \u00e4ndern und\/oder zu blockieren, ohne dass dies den Zugriff auf die Inhalte verhindert. Allerdings kann die Qualit\u00e4t der Leistung beeintr\u00e4chtigt werden.<\/span><\/p>\n<p><span style=\"color: #000000;\">Benutzer, die den Registrierungsprozess abschlie\u00dfen oder sich mit ihren Zugangsdaten angemeldet haben, k\u00f6nnen auf personalisierte Dienste zugreifen, die an ihre Pr\u00e4ferenzen angepasst sind, und zwar entsprechend den pers\u00f6nlichen Daten, die sie bei der Registrierung angegeben haben und die im Cookie ihres Browsers gespeichert sind.<\/span><\/p>\n<p><span style=\"color: #000000;\">Geben Sie an, welche zus\u00e4tzlichen technischen Mittel verwendet werden, zum Beispiel:<\/span><br \/>\n<span style=\"color: #000000;\">Diese Website verwendet permanente Cookies, die ablaufen, wenn der Zweck, f\u00fcr den sie verwendet werden, erf\u00fcllt ist oder wenn sie manuell gel\u00f6scht werden. Sie haben ein L\u00f6schdatum und werden normalerweise beim Online-Kauf, bei der Personalisierung oder bei der Registrierung verwendet, damit Sie nicht st\u00e4ndig Ihr Passwort eingeben m\u00fcssen.<\/span><\/p>\n<p><span style=\"color: #000000;\">Andererseits kann je nach der Einrichtung, die das Ger\u00e4t oder die Dom\u00e4ne verwaltet, von der die Cookies gesendet werden, und die die erhaltenen Daten verarbeitet, zwischen Erstanbieter- und Drittanbieter-Cookies unterschieden werden.<\/span><\/p>\n<p><span style=\"color: #000000;\">Eigene Cookies sind die Cookies, die an Ihren Computer gesendet und ausschlie\u00dflich von dieser Website verwaltet werden, um das Funktionieren der Website zu verbessern. Die von uns gesammelten Informationen werden verwendet, um die Qualit\u00e4t unseres Service und Ihre Benutzererfahrung zu verbessern.<\/span><\/p>\n<p>[\/vc_column_text][vc_empty_space empty_h=&#8220;3&#8243;][\/vc_column][\/vc_row]<\/p>\n<\/div>","protected":false},"excerpt":{"rendered":"<p>[vc_row row_height_percent=&#8220;0&#8243; back_color=&#8220;color-wvjs&#8220; overlay_alpha=&#8220;50&#8243; gutter_size=&#8220;3&#8243; column_width_percent=&#8220;100&#8243; shift_y=&#8220;0&#8243; z_index=&#8220;0&#8243; medium_visibility=&#8220;yes&#8220; mobile_visibility=&#8220;yes&#8220; uncode_shortcode_id=&#8220;181264&#8243; back_color_type=&#8220;uncode-palette&#8220;][vc_column column_width_percent=&#8220;100&#8243; position_horizontal=&#8220;left&#8220; gutter_size=&#8220;3&#8243; overlay_alpha=&#8220;50&#8243; shift_x=&#8220;0&#8243; shift_y=&#8220;0&#8243; shift_y_down=&#8220;0&#8243; z_index=&#8220;0&#8243; [&hellip;]<\/p>\n","protected":false},"author":1,"featured_media":0,"parent":0,"menu_order":0,"comment_status":"closed","ping_status":"closed","template":"","meta":{"footnotes":""},"class_list":["post-133217","page","type-page","status-publish","hentry"],"_links":{"self":[{"href":"https:\/\/genxsdigital.com\/de\/wp-json\/wp\/v2\/pages\/133217","targetHints":{"allow":["GET"]}}],"collection":[{"href":"https:\/\/genxsdigital.com\/de\/wp-json\/wp\/v2\/pages"}],"about":[{"href":"https:\/\/genxsdigital.com\/de\/wp-json\/wp\/v2\/types\/page"}],"author":[{"embeddable":true,"href":"https:\/\/genxsdigital.com\/de\/wp-json\/wp\/v2\/users\/1"}],"replies":[{"embeddable":true,"href":"https:\/\/genxsdigital.com\/de\/wp-json\/wp\/v2\/comments?post=133217"}],"version-history":[{"count":1,"href":"https:\/\/genxsdigital.com\/de\/wp-json\/wp\/v2\/pages\/133217\/revisions"}],"predecessor-version":[{"id":133220,"href":"https:\/\/genxsdigital.com\/de\/wp-json\/wp\/v2\/pages\/133217\/revisions\/133220"}],"wp:attachment":[{"href":"https:\/\/genxsdigital.com\/de\/wp-json\/wp\/v2\/media?parent=133217"}],"curies":[{"name":"wp","href":"https:\/\/api.w.org\/{rel}","templated":true}]}}