{"id":133124,"date":"2021-05-13T08:26:47","date_gmt":"2021-05-13T06:26:47","guid":{"rendered":"https:\/\/genxsdigital.com\/projekte\/"},"modified":"2025-01-23T12:29:14","modified_gmt":"2025-01-23T11:29:14","slug":"projekte","status":"publish","type":"page","link":"https:\/\/genxsdigital.com\/de\/projekte\/","title":{"rendered":"Projekte"},"content":{"rendered":"<div class=\"wpb-content-wrapper\"><p>[vc_row row_height_percent=&#8220;100&#8243; override_padding=&#8220;yes&#8220; h_padding=&#8220;2&#8243; top_padding=&#8220;5&#8243; bottom_padding=&#8220;5&#8243; back_color=&#8220;color-nhtu&#8220; back_image=&#8220;132414&#8243; kburns=&#8220;yes&#8220; overlay_color=&#8220;color-nhtu&#8220; overlay_alpha=&#8220;30&#8243; gutter_size=&#8220;3&#8243; column_width_percent=&#8220;100&#8243; shift_y=&#8220;0&#8243; z_index=&#8220;0&#8243; enable_bottom_divider=&#8220;default&#8220; bottom_divider=&#8220;gradient&#8220; shape_bottom_h_use_pixel=&#8220;true&#8220; shape_bottom_height_percent=&#8220;100&#8243; shape_bottom_color=&#8220;color-nhtu&#8220; shape_bottom_opacity=&#8220;100&#8243; shape_bottom_index=&#8220;0&#8243; uncode_shortcode_id=&#8220;204562&#8243; back_color_type=&#8220;uncode-palette&#8220; shape_bottom_color_type=&#8220;uncode-palette&#8220; overlay_color_type=&#8220;uncode-palette&#8220;][vc_column column_width_use_pixel=&#8220;yes&#8220; position_vertical=&#8220;middle&#8220; align_horizontal=&#8220;align_center&#8220; gutter_size=&#8220;2&#8243; style=&#8220;dark&#8220; overlay_alpha=&#8220;50&#8243; shift_x=&#8220;0&#8243; shift_y=&#8220;0&#8243; shift_y_down=&#8220;0&#8243; z_index=&#8220;0&#8243; medium_width=&#8220;0&#8243; mobile_width=&#8220;0&#8243; css_animation=&#8220;bottom-t-top&#8220; width=&#8220;1\/1&#8243; uncode_shortcode_id=&#8220;965219&#8243; column_width_pixel=&#8220;900&#8243;][vc_row_inner row_inner_height_percent=&#8220;0&#8243; overlay_alpha=&#8220;50&#8243; gutter_size=&#8220;3&#8243; shift_y=&#8220;0&#8243; z_index=&#8220;0&#8243; limit_content=&#8220;&#8220; uncode_shortcode_id=&#8220;997920&#8243;][vc_column_inner column_width_percent=&#8220;100&#8243; align_horizontal=&#8220;align_center&#8220; gutter_size=&#8220;2&#8243; style=&#8220;dark&#8220; overlay_alpha=&#8220;50&#8243; shift_x=&#8220;0&#8243; shift_y=&#8220;0&#8243; shift_y_down=&#8220;0&#8243; z_index=&#8220;0&#8243; medium_width=&#8220;0&#8243; mobile_width=&#8220;0&#8243; width=&#8220;1\/1&#8243; uncode_shortcode_id=&#8220;916776&#8243;][vc_custom_heading text_color=&#8220;color-wvjs&#8220; text_size=&#8220;&#8220; text_weight=&#8220;500&#8243; css_animation=&#8220;curtain-words&#8220; animation_speed=&#8220;1000&#8243; title=&#8220;&#8220; uncode_shortcode_id=&#8220;114609&#8243; text_color_type=&#8220;uncode-palette&#8220;]Entdecken Sie die Macht der <span class=\"split-word uncode-rotating-span uncode-rotating-text-start\" data-text=\"Strategien|Marketing|L\u00f6sungen\" data-fx=\"zoom\" data-wait=\"1500\">&nbsp;<\/span><span class=\"split-word word1\"><span class=\"split-word-flow\"><span class=\"split-word-inner\"><span class=\"split-char char92\">L<\/span><span class=\"split-char char93\">\u00f6<\/span><span class=\"split-char char94\">s<\/span><span class=\"split-char char95\">u<\/span><span class=\"split-char char96\">n<\/span><span class=\"split-char char97\">g<\/span><span class=\"split-char char98\">e<\/span><span class=\"split-char char99\">n<\/span><\/span><\/span><\/span><span class=\"split-word uncode-rotating-span uncode-rotating-text-end\">&nbsp;<\/span>[\/vc_custom_heading][vc_custom_heading text_color=&#8220;color-wvjs&#8220; heading_semantic=&#8220;h3&#8243; text_size=&#8220;h3&#8243; text_weight=&#8220;400&#8243; css_animation=&#8220;curtain&#8220; animation_speed=&#8220;1000&#8243; animation_delay=&#8220;400&#8243; title=&#8220;&#8220; uncode_shortcode_id=&#8220;468641&#8243; text_color_type=&#8220;uncode-palette&#8220;]Wir sind eine spezialisierte Agentur, die mit Hilfe von Analysen und Automatisierung Ideen in Ergebnisse umwandelt.[\/vc_custom_heading][vc_empty_space][\/vc_column_inner][\/vc_row_inner][vc_empty_space empty_h=&#8220;4&#8243;][\/vc_column][\/vc_row][vc_row unlock_row_content=&#8220;yes&#8220; row_height_percent=&#8220;0&#8243; override_padding=&#8220;yes&#8220; h_padding=&#8220;2&#8243; top_padding=&#8220;2&#8243; bottom_padding=&#8220;4&#8243; back_color=&#8220;color-nhtu&#8220; overlay_alpha=&#8220;50&#8243; gutter_size=&#8220;3&#8243; column_width_use_pixel=&#8220;yes&#8220; shift_y=&#8220;0&#8243; z_index=&#8220;2&#8243; enable_top_divider=&#8220;default&#8220; top_divider=&#8220;step&#8220; shape_top_h_use_pixel=&#8220;true&#8220; shape_top_height_percent=&#8220;33&#8243; shape_top_color=&#8220;color-nhtu&#8220; shape_top_opacity=&#8220;100&#8243; shape_top_index=&#8220;0&#8243; bottom_divider=&#8220;step&#8220; medium_visibility=&#8220;yes&#8220; mobile_visibility=&#8220;yes&#8220; changer_back_color=&#8220;yes&#8220; uncode_shortcode_id=&#8220;141102&#8243; column_width_pixel=&#8220;1400&#8243; shape_top_color_type=&#8220;uncode-palette&#8220; el_class=&#8220;portfolio-row&#8220; back_color_type=&#8220;uncode-palette&#8220;][vc_column column_width_percent=&#8220;100&#8243; align_horizontal=&#8220;align_center&#8220; gutter_size=&#8220;4&#8243; override_padding=&#8220;yes&#8220; column_padding=&#8220;4&#8243; style=&#8220;dark&#8220; back_color=&#8220;accent&#8220; overlay_alpha=&#8220;50&#8243; radius=&#8220;std&#8220; shadow=&#8220;xl&#8220; shift_x=&#8220;0&#8243; shift_y=&#8220;-5&#8243; shift_y_fixed=&#8220;yes&#8220; shift_y_down=&#8220;-5&#8243; shift_y_down_fixed=&#8220;yes&#8220; z_index=&#8220;0&#8243; medium_width=&#8220;0&#8243; mobile_width=&#8220;0&#8243; width=&#8220;1\/1&#8243; uncode_shortcode_id=&#8220;203649&#8243; back_color_type=&#8220;uncode-palette&#8220;][vc_row_inner row_inner_height_percent=&#8220;0&#8243; overlay_alpha=&#8220;50&#8243; gutter_size=&#8220;3&#8243; shift_y=&#8220;0&#8243; z_index=&#8220;0&#8243; limit_content=&#8220;&#8220; uncode_shortcode_id=&#8220;955021&#8243;][vc_column_inner column_width_percent=&#8220;100&#8243; align_horizontal=&#8220;align_center&#8220; gutter_size=&#8220;4&#8243; style=&#8220;dark&#8220; overlay_alpha=&#8220;50&#8243; shift_x=&#8220;0&#8243; shift_y=&#8220;0&#8243; shift_y_down=&#8220;0&#8243; z_index=&#8220;0&#8243; medium_width=&#8220;0&#8243; mobile_width=&#8220;0&#8243; width=&#8220;1\/1&#8243; uncode_shortcode_id=&#8220;207943&#8243;][vc_custom_heading text_color=&#8220;color-wvjs&#8220; heading_semantic=&#8220;h1&#8243; text_size=&#8220;h1&#8243; text_weight=&#8220;400&#8243; sub_lead=&#8220;yes&#8220; css_animation=&#8220;typewriter&#8220; animation_speed=&#8220;200&#8243; uncode_shortcode_id=&#8220;653957&#8243; text_color_type=&#8220;uncode-palette&#8220;]Projekte[\/vc_custom_heading][uncode_index el_id=&#8220;index-1-518&#8243; index_type=&#8220;carousel&#8220; loop=&#8220;size:6|order_by:ID|order:ASC|post_type:portfolio|taxonomy_count:10&#8243; carousel_lg=&#8220;1&#8243; carousel_md=&#8220;1&#8243; carousel_sm=&#8220;1&#8243; thumb_size=&#8220;four-three&#8220; gutter_size=&#8220;4&#8243; inner_padding=&#8220;yes&#8220; post_items=&#8220;title,media,text,link,author,date,category,extra&#8220; page_items=&#8220;title,media,text,category&#8220; product_items=&#8220;title,media,text,category,price&#8220; portfolio_items=&#8220;media|featured|onpost|poster,title,text|excerpt&#8220; carousel_interval=&#8220;3000&#8243; carousel_navspeed=&#8220;400&#8243; carousel_loop=&#8220;yes&#8220; carousel_overflow=&#8220;yes&#8220; carousel_dots=&#8220;yes&#8220; carousel_dots_space=&#8220;yes&#8220; carousel_dots_mobile=&#8220;yes&#8220; carousel_half_opacity=&#8220;yes&#8220; carousel_pointer_events=&#8220;yes&#8220; stage_padding=&#8220;20&#8243; single_text=&#8220;overlay&#8220; single_shape=&#8220;round&#8220; radius=&#8220;xs&#8220; single_overlay_color=&#8220;accent&#8220; single_overlay_opacity=&#8220;75&#8243; single_h_align=&#8220;center&#8220; single_padding=&#8220;2&#8243; single_title_semantic=&#8220;h2&#8243; single_title_dimension=&#8220;h2&#8243; single_title_weight=&#8220;500&#8243; single_shadow=&#8220;yes&#8220; shadow_weight=&#8220;xl&#8220; single_border=&#8220;yes&#8220; single_css_animation=&#8220;bottom-t-top&#8220; single_animation_speed=&#8220;1000&#8243; post_matrix=&#8220;matrix&#8220; matrix_amount=&#8220;2&#8243; no_double_tap=&#8220;yes&#8220; filtering_transform=&#8220;uppercase&#8220; carousel_rtl=&#8220;&#8220; single_block_click=&#8220;yes&#8220; single_text_hover=&#8220;yes&#8220; single_no_background=&#8220;&#8220; single_title_serif=&#8220;&#8220; single_title_divider=&#8220;&#8220; single_half_padding=&#8220;&#8220; single_title_bold=&#8220;yes&#8220; footer_position=&#8220;left&#8220; title=&#8220;Portfolio&#8220; order_ids=&#8220;4078,4065,4081,4146,4069,4142,4140,4085,4071&#8243; single_icon=&#8220;fa fa-plus2&#8243; uncode_shortcode_id=&#8220;816682&#8243; matrix_items=&#8220;e30=&#8220;][\/vc_column_inner][\/vc_row_inner][\/vc_column][\/vc_row][vc_row row_height_percent=&#8220;0&#8243; override_padding=&#8220;yes&#8220; h_padding=&#8220;0&#8243; top_padding=&#8220;0&#8243; bottom_padding=&#8220;0&#8243; back_color=&#8220;color-nhtu&#8220; overlay_alpha=&#8220;50&#8243; gutter_size=&#8220;3&#8243; column_width_percent=&#8220;100&#8243; shift_y=&#8220;0&#8243; z_index=&#8220;0&#8243; desktop_visibility=&#8220;yes&#8220; changer_back_color=&#8220;yes&#8220; uncode_shortcode_id=&#8220;135352&#8243; back_color_type=&#8220;uncode-palette&#8220; css=&#8220;.vc_custom_1705961688005{margin-top: -50px !important;}&#8220;][vc_column column_width_percent=&#8220;100&#8243; align_horizontal=&#8220;align_center&#8220; gutter_size=&#8220;3&#8243; overlay_alpha=&#8220;50&#8243; shift_x=&#8220;0&#8243; shift_y=&#8220;0&#8243; shift_y_down=&#8220;0&#8243; z_index=&#8220;0&#8243; medium_width=&#8220;0&#8243; mobile_width=&#8220;0&#8243; width=&#8220;1\/1&#8243; uncode_shortcode_id=&#8220;134141&#8243;][vc_custom_heading text_color=&#8220;color-wvjs&#8220; heading_semantic=&#8220;h1&#8243; text_size=&#8220;h1&#8243; text_weight=&#8220;400&#8243; sub_lead=&#8220;yes&#8220; css_animation=&#8220;typewriter&#8220; animation_speed=&#8220;200&#8243; uncode_shortcode_id=&#8220;204186&#8243; text_color_type=&#8220;uncode-palette&#8220;]<\/p>\n<p style=\"text-align: center;\">Projekte<\/p>\n<p>[\/vc_custom_heading][uncode_index el_id=&#8220;index-443674&#8243; index_type=&#8220;carousel&#8220; loop=&#8220;size:6|order_by:ID|order:ASC|post_type:portfolio|taxonomy_count:10&#8243; carousel_lg=&#8220;3&#8243; carousel_md=&#8220;3&#8243; carousel_sm=&#8220;1&#8243; thumb_size=&#8220;four-three&#8220; gutter_size=&#8220;2&#8243; portfolio_items=&#8220;media|featured|onpost|poster,title,text|excerpt&#8220; carousel_interval=&#8220;3000&#8243; carousel_navspeed=&#8220;400&#8243; carousel_loop=&#8220;yes&#8220; stage_padding=&#8220;5&#8243; single_overlay_color=&#8220;color-nhtu&#8220; single_overlay_opacity=&#8220;80&#8243; single_h_align=&#8220;center&#8220; single_h_align_mobile=&#8220;left&#8220; single_padding=&#8220;3&#8243; single_title_dimension=&#8220;h3&#8243; single_title_weight=&#8220;300&#8243; single_title_transform=&#8220;uppercase&#8220; uncode_shortcode_id=&#8220;892715&#8243;][\/vc_column][\/vc_row][vc_row row_height_percent=&#8220;0&#8243; override_padding=&#8220;yes&#8220; h_padding=&#8220;0&#8243; top_padding=&#8220;0&#8243; bottom_padding=&#8220;0&#8243; back_color=&#8220;color-nhtu&#8220; overlay_alpha=&#8220;50&#8243; gutter_size=&#8220;3&#8243; column_width_percent=&#8220;100&#8243; shift_y=&#8220;0&#8243; z_index=&#8220;0&#8243; desktop_visibility=&#8220;yes&#8220; medium_visibility=&#8220;yes&#8220; mobile_visibility=&#8220;yes&#8220; changer_back_color=&#8220;yes&#8220; uncode_shortcode_id=&#8220;187701&#8243; back_color_type=&#8220;uncode-palette&#8220; css=&#8220;.vc_custom_1705961680654{margin-top: -50px !important;}&#8220;][vc_column column_width_percent=&#8220;100&#8243; align_horizontal=&#8220;align_center&#8220; gutter_size=&#8220;3&#8243; overlay_alpha=&#8220;50&#8243; shift_x=&#8220;0&#8243; shift_y=&#8220;0&#8243; shift_y_down=&#8220;0&#8243; z_index=&#8220;0&#8243; medium_width=&#8220;0&#8243; mobile_width=&#8220;0&#8243; width=&#8220;1\/1&#8243; uncode_shortcode_id=&#8220;134141&#8243;][vc_custom_heading text_color=&#8220;color-wvjs&#8220; heading_semantic=&#8220;h1&#8243; text_size=&#8220;h1&#8243; text_weight=&#8220;400&#8243; sub_lead=&#8220;yes&#8220; css_animation=&#8220;typewriter&#8220; animation_speed=&#8220;200&#8243; uncode_shortcode_id=&#8220;204186&#8243; text_color_type=&#8220;uncode-palette&#8220;]<\/p>\n<p style=\"text-align: center;\">Projekte<\/p>\n<p>[\/vc_custom_heading][uncode_index el_id=&#8220;index-443674&#8243; index_type=&#8220;carousel&#8220; loop=&#8220;size:6|order_by:ID|order:ASC|post_type:portfolio|taxonomy_count:10&#8243; carousel_lg=&#8220;3&#8243; carousel_md=&#8220;3&#8243; carousel_sm=&#8220;1&#8243; thumb_size=&#8220;four-three&#8220; gutter_size=&#8220;2&#8243; portfolio_items=&#8220;media|featured|onpost|poster,title,text|excerpt&#8220; carousel_interval=&#8220;3000&#8243; carousel_navspeed=&#8220;400&#8243; carousel_loop=&#8220;yes&#8220; stage_padding=&#8220;5&#8243; single_overlay_color=&#8220;color-nhtu&#8220; single_overlay_opacity=&#8220;80&#8243; single_h_align=&#8220;center&#8220; single_h_align_mobile=&#8220;left&#8220; single_padding=&#8220;3&#8243; single_title_dimension=&#8220;h3&#8243; single_title_weight=&#8220;300&#8243; single_title_transform=&#8220;uppercase&#8220; uncode_shortcode_id=&#8220;892715&#8243;][\/vc_column][\/vc_row][vc_row row_height_percent=&#8220;0&#8243; back_color=&#8220;color-xsdn&#8220; overlay_alpha=&#8220;50&#8243; gutter_size=&#8220;3&#8243; column_width_percent=&#8220;100&#8243; shift_y=&#8220;0&#8243; z_index=&#8220;0&#8243; content_parallax=&#8220;0&#8243; uncode_shortcode_id=&#8220;380369&#8243; back_color_type=&#8220;uncode-palette&#8220;][vc_column column_width_percent=&#8220;100&#8243; align_horizontal=&#8220;align_center&#8220; gutter_size=&#8220;3&#8243; overlay_alpha=&#8220;50&#8243; shift_x=&#8220;0&#8243; shift_y=&#8220;0&#8243; shift_y_down=&#8220;0&#8243; z_index=&#8220;0&#8243; medium_width=&#8220;0&#8243; mobile_width=&#8220;0&#8243; width=&#8220;1\/1&#8243; uncode_shortcode_id=&#8220;896782&#8243;][vc_empty_space empty_h=&#8220;2&#8243;][vc_custom_heading text_color=&#8220;color-nhtu&#8220; text_size=&#8220;custom&#8220; text_weight=&#8220;500&#8243; uncode_shortcode_id=&#8220;114890&#8243; text_color_type=&#8220;uncode-palette&#8220; heading_custom_size=&#8220;45&#8243;]Kontaktieren Sie uns[\/vc_custom_heading][vc_custom_heading text_color=&#8220;color-wvjs&#8220; heading_semantic=&#8220;h4&#8243; text_size=&#8220;custom&#8220; text_weight=&#8220;400&#8243; uncode_shortcode_id=&#8220;212058&#8243; text_color_type=&#8220;uncode-palette&#8220; heading_custom_size=&#8220;25&#8243;]Es ist an der Zeit, gemeinsam etwas Gro\u00dfes und Au\u00dfergew\u00f6hnliches zu schaffen&#8230;[\/vc_custom_heading][vc_button button_color=&#8220;accent&#8220; border_width=&#8220;0&#8243; link=&#8220;url:https%3A%2F%2Fc8687ddb37df.quillforms.app%2Fforms%2Fformulario-genxsdigital-germany&#8220; button_color_type=&#8220;uncode-palette&#8220; uncode_shortcode_id=&#8220;952261&#8243;]Angebot anfordern![\/vc_button][vc_empty_space empty_h=&#8220;3&#8243;][\/vc_column][\/vc_row]<\/p>\n<\/div>","protected":false},"excerpt":{"rendered":"<p>[vc_row row_height_percent=&#8220;100&#8243; override_padding=&#8220;yes&#8220; h_padding=&#8220;2&#8243; top_padding=&#8220;5&#8243; bottom_padding=&#8220;5&#8243; back_color=&#8220;color-nhtu&#8220; back_image=&#8220;132414&#8243; kburns=&#8220;yes&#8220; overlay_color=&#8220;color-nhtu&#8220; overlay_alpha=&#8220;30&#8243; gutter_size=&#8220;3&#8243; column_width_percent=&#8220;100&#8243; shift_y=&#8220;0&#8243; z_index=&#8220;0&#8243; enable_bottom_divider=&#8220;default&#8220; bottom_divider=&#8220;gradient&#8220; shape_bottom_h_use_pixel=&#8220;true&#8220; shape_bottom_height_percent=&#8220;100&#8243; shape_bottom_color=&#8220;color-nhtu&#8220; [&hellip;]<\/p>\n","protected":false},"author":1,"featured_media":0,"parent":0,"menu_order":0,"comment_status":"closed","ping_status":"closed","template":"","meta":{"footnotes":""},"class_list":["post-133124","page","type-page","status-publish","hentry","page_category-kreativ","page_category-agentur"],"_links":{"self":[{"href":"https:\/\/genxsdigital.com\/de\/wp-json\/wp\/v2\/pages\/133124","targetHints":{"allow":["GET"]}}],"collection":[{"href":"https:\/\/genxsdigital.com\/de\/wp-json\/wp\/v2\/pages"}],"about":[{"href":"https:\/\/genxsdigital.com\/de\/wp-json\/wp\/v2\/types\/page"}],"author":[{"embeddable":true,"href":"https:\/\/genxsdigital.com\/de\/wp-json\/wp\/v2\/users\/1"}],"replies":[{"embeddable":true,"href":"https:\/\/genxsdigital.com\/de\/wp-json\/wp\/v2\/comments?post=133124"}],"version-history":[{"count":6,"href":"https:\/\/genxsdigital.com\/de\/wp-json\/wp\/v2\/pages\/133124\/revisions"}],"predecessor-version":[{"id":141346,"href":"https:\/\/genxsdigital.com\/de\/wp-json\/wp\/v2\/pages\/133124\/revisions\/141346"}],"wp:attachment":[{"href":"https:\/\/genxsdigital.com\/de\/wp-json\/wp\/v2\/media?parent=133124"}],"curies":[{"name":"wp","href":"https:\/\/api.w.org\/{rel}","templated":true}]}}